{"id":489,"date":"2024-06-18T20:20:25","date_gmt":"2024-06-18T18:20:25","guid":{"rendered":"https:\/\/mc.043test.nl\/?page_id=489"},"modified":"2024-06-20T16:13:40","modified_gmt":"2024-06-20T14:13:40","slug":"twinfield","status":"publish","type":"page","link":"https:\/\/mcadviseurs.nl\/en\/twinfield\/","title":{"rendered":"Twinfield"},"content":{"rendered":"<div data-elementor-type=\"wp-page\" data-elementor-id=\"489\" class=\"elementor elementor-489\" data-elementor-post-type=\"page\">\n\t\t\t\t<div class=\"elementor-element elementor-element-60185698 e-flex e-con-boxed e-con e-parent\" data-id=\"60185698\" data-element_type=\"container\" data-e-type=\"container\" data-settings=\"{&quot;background_background&quot;:&quot;classic&quot;,&quot;jet_parallax_layout_list&quot;:[]}\">\n\t\t\t\t\t<div class=\"e-con-inner\">\n\t\t\t\t\t<\/div>\n\t\t\t\t<\/div>\n\t\t<div class=\"elementor-element elementor-element-65d5c73a e-flex e-con-boxed e-con e-parent\" data-id=\"65d5c73a\" data-element_type=\"container\" data-e-type=\"container\" data-settings=\"{&quot;jet_parallax_layout_list&quot;:[]}\">\n\t\t\t\t\t<div class=\"e-con-inner\">\n\t\t<div class=\"elementor-element elementor-element-398bf773 e-con-full e-flex e-con e-child\" data-id=\"398bf773\" data-element_type=\"container\" data-e-type=\"container\" data-settings=\"{&quot;jet_parallax_layout_list&quot;:[]}\">\n\t\t\t\t<div class=\"elementor-element elementor-element-1c083c50 elementor-widget elementor-widget-heading\" data-id=\"1c083c50\" data-element_type=\"widget\" data-e-type=\"widget\" data-widget_type=\"heading.default\">\n\t\t\t\t<div class=\"elementor-widget-container\">\n\t\t\t\t\t<h2 class=\"elementor-heading-title elementor-size-default\">Twinfield<\/h2>\t\t\t\t<\/div>\n\t\t\t\t<\/div>\n\t\t\t\t<div class=\"elementor-element elementor-element-7e70959e elementor-widget elementor-widget-text-editor\" data-id=\"7e70959e\" data-element_type=\"widget\" data-e-type=\"widget\" data-widget_type=\"text-editor.default\">\n\t\t\t\t<div class=\"elementor-widget-container\">\n\t\t\t\t\t\t\t\t\t<p>At M.C. Advisors, we have been using the comprehensive accounting software of <a href=\"https:\/\/www.twinfield.nl\" target=\"_blank\" rel=\"noopener\">Twinfield<\/a> for our financial administration. Twinfield offers a powerful and flexible online accounting solution that allows us to manage your financial data accurately and efficiently. With Twinfield, you can access your accounts anytime and anywhere, and we can provide quick and accurate reports and analyses.<\/p>\t\t\t\t\t\t\t\t<\/div>\n\t\t\t\t<\/div>\n\t\t\t\t<\/div>\n\t\t<div class=\"elementor-element elementor-element-6a6dca3 e-con-full e-flex e-con e-child\" data-id=\"6a6dca3\" data-element_type=\"container\" data-e-type=\"container\" data-settings=\"{&quot;jet_parallax_layout_list&quot;:[]}\">\n\t\t\t\t<div class=\"elementor-element elementor-element-3d0a899 elementor-widget elementor-widget-image\" data-id=\"3d0a899\" data-element_type=\"widget\" data-e-type=\"widget\" data-widget_type=\"image.default\">\n\t\t\t\t<div class=\"elementor-widget-container\">\n\t\t\t\t\t\t\t\t\t\t\t\t\t\t\t<img fetchpriority=\"high\" decoding=\"async\" width=\"1000\" height=\"667\" src=\"https:\/\/mcadviseurs.nl\/wp-content\/uploads\/2024\/06\/shutterstock_2456381501-1.jpg\" class=\"attachment-full size-full wp-image-492\" alt=\"\" srcset=\"https:\/\/mcadviseurs.nl\/wp-content\/uploads\/2024\/06\/shutterstock_2456381501-1.jpg 1000w, https:\/\/mcadviseurs.nl\/wp-content\/uploads\/2024\/06\/shutterstock_2456381501-1-300x200.jpg 300w, https:\/\/mcadviseurs.nl\/wp-content\/uploads\/2024\/06\/shutterstock_2456381501-1-768x512.jpg 768w\" sizes=\"(max-width: 1000px) 100vw, 1000px\" title=\"\">\t\t\t\t\t\t\t\t\t\t\t\t\t\t\t<\/div>\n\t\t\t\t<\/div>\n\t\t\t\t<\/div>\n\t\t\t\t\t<\/div>\n\t\t\t\t<\/div>\n\t\t<div class=\"elementor-element elementor-element-476a72fd e-flex e-con-boxed e-con e-parent\" data-id=\"476a72fd\" data-element_type=\"container\" data-e-type=\"container\" data-settings=\"{&quot;background_background&quot;:&quot;classic&quot;,&quot;jet_parallax_layout_list&quot;:[]}\">\n\t\t\t\t\t<div class=\"e-con-inner\">\n\t\t<div class=\"elementor-element elementor-element-67e5f64d e-con-full e-flex e-con e-child\" data-id=\"67e5f64d\" data-element_type=\"container\" data-e-type=\"container\" data-settings=\"{&quot;jet_parallax_layout_list&quot;:[]}\">\n\t\t\t\t<div class=\"elementor-element elementor-element-620cfe48 elementor-widget elementor-widget-heading\" data-id=\"620cfe48\" data-element_type=\"widget\" data-e-type=\"widget\" data-widget_type=\"heading.default\">\n\t\t\t\t<div class=\"elementor-widget-container\">\n\t\t\t\t\t<h2 class=\"elementor-heading-title elementor-size-default\">At M.C. Advisors, your success is key. Let us do the financial work so you can excel in your profession.<\/h2>\t\t\t\t<\/div>\n\t\t\t\t<\/div>\n\t\t\t\t<\/div>\n\t\t\t\t\t<\/div>\n\t\t\t\t<\/div>\n\t\t\t\t<\/div>","protected":false},"excerpt":{"rendered":"<p>Twinfield Bij M.C. Adviseurs maken we al 20 jaar gebruik van de uitgebreide boekhoudsoftware van Twinfield voor onze financi\u00eble administratie. Twinfield biedt een krachtige en flexibele oplossing voor online boekhouden, waarmee we jouw financi\u00eble gegevens nauwkeurig en effici\u00ebnt kunnen beheren. Met Twinfield heb je altijd en overal toegang tot je boekhouding, en kunnen wij snel [&hellip;]<\/p>\n","protected":false},"author":1,"featured_media":0,"parent":0,"menu_order":0,"comment_status":"closed","ping_status":"closed","template":"elementor_header_footer","meta":{"footnotes":""},"class_list":["post-489","page","type-page","status-publish","hentry"],"_links":{"self":[{"href":"https:\/\/mcadviseurs.nl\/en\/wp-json\/wp\/v2\/pages\/489","targetHints":{"allow":["GET"]}}],"collection":[{"href":"https:\/\/mcadviseurs.nl\/en\/wp-json\/wp\/v2\/pages"}],"about":[{"href":"https:\/\/mcadviseurs.nl\/en\/wp-json\/wp\/v2\/types\/page"}],"author":[{"embeddable":true,"href":"https:\/\/mcadviseurs.nl\/en\/wp-json\/wp\/v2\/users\/1"}],"replies":[{"embeddable":true,"href":"https:\/\/mcadviseurs.nl\/en\/wp-json\/wp\/v2\/comments?post=489"}],"version-history":[{"count":7,"href":"https:\/\/mcadviseurs.nl\/en\/wp-json\/wp\/v2\/pages\/489\/revisions"}],"predecessor-version":[{"id":657,"href":"https:\/\/mcadviseurs.nl\/en\/wp-json\/wp\/v2\/pages\/489\/revisions\/657"}],"wp:attachment":[{"href":"https:\/\/mcadviseurs.nl\/en\/wp-json\/wp\/v2\/media?parent=489"}],"curies":[{"name":"wp","href":"https:\/\/api.w.org\/{rel}","templated":true}]}}