{"id":273,"date":"2024-06-18T14:38:27","date_gmt":"2024-06-18T12:38:27","guid":{"rendered":"https:\/\/mc.043test.nl\/?page_id=273"},"modified":"2025-05-05T09:30:16","modified_gmt":"2025-05-05T07:30:16","slug":"innovatieve-accountancy","status":"publish","type":"page","link":"https:\/\/mcadviseurs.nl\/es\/innovatieve-accountancy\/","title":{"rendered":"Contabilidad innovadora"},"content":{"rendered":"<div data-elementor-type=\"wp-page\" data-elementor-id=\"273\" class=\"elementor elementor-273\" data-elementor-post-type=\"page\">\n\t\t\t\t<div class=\"elementor-element elementor-element-60185698 e-flex e-con-boxed e-con e-parent\" data-id=\"60185698\" data-element_type=\"container\" data-e-type=\"container\" data-settings=\"{&quot;background_background&quot;:&quot;classic&quot;,&quot;jet_parallax_layout_list&quot;:[]}\">\n\t\t\t\t\t<div class=\"e-con-inner\">\n\t\t\t\t\t<\/div>\n\t\t\t\t<\/div>\n\t\t<div class=\"elementor-element elementor-element-65d5c73a e-flex e-con-boxed e-con e-parent\" data-id=\"65d5c73a\" data-element_type=\"container\" data-e-type=\"container\" data-settings=\"{&quot;jet_parallax_layout_list&quot;:[]}\">\n\t\t\t\t\t<div class=\"e-con-inner\">\n\t\t<div class=\"elementor-element elementor-element-398bf773 e-con-full e-flex e-con e-child\" data-id=\"398bf773\" data-element_type=\"container\" data-e-type=\"container\" data-settings=\"{&quot;jet_parallax_layout_list&quot;:[]}\">\n\t\t\t\t<div class=\"elementor-element elementor-element-1c083c50 elementor-widget elementor-widget-heading\" data-id=\"1c083c50\" data-element_type=\"widget\" data-e-type=\"widget\" data-widget_type=\"heading.default\">\n\t\t\t\t<div class=\"elementor-widget-container\">\n\t\t\t\t\t<h2 class=\"elementor-heading-title elementor-size-default\">Contabilidad innovadora<\/h2>\t\t\t\t<\/div>\n\t\t\t\t<\/div>\n\t\t\t\t<div class=\"elementor-element elementor-element-7e70959e elementor-widget elementor-widget-text-editor\" data-id=\"7e70959e\" data-element_type=\"widget\" data-e-type=\"widget\" data-widget_type=\"text-editor.default\">\n\t\t\t\t<div class=\"elementor-widget-container\">\n\t\t\t\t\t\t\t\t\t<p><em>Controle sus cifras sin complicaciones <\/em><\/p><p>Como empresario, usted quiere saber cu\u00e1l es su situaci\u00f3n financiera, sin tener que ser usted mismo el empoll\u00f3n de la contabilidad. En M.C. Advisors, nos aseguramos de que tus cuentas est\u00e9n como una casa. Con un dise\u00f1o inteligente, totalmente online y siempre al d\u00eda. Nada de contabilidad al uso, sino soluciones pr\u00e1cticas que te ayudan a avanzar<\/p>\t\t\t\t\t\t\t\t<\/div>\n\t\t\t\t<\/div>\n\t\t\t\t<div class=\"elementor-element elementor-element-3f492fab elementor-widget elementor-widget-heading\" data-id=\"3f492fab\" data-element_type=\"widget\" data-e-type=\"widget\" data-widget_type=\"heading.default\">\n\t\t\t\t<div class=\"elementor-widget-container\">\n\t\t\t\t\t<h4 class=\"elementor-heading-title elementor-size-default\">Lo que puede esperar de nosotros:<\/h4>\t\t\t\t<\/div>\n\t\t\t\t<\/div>\n\t\t<div class=\"elementor-element elementor-element-57037d08 e-con-full e-flex e-con e-child\" data-id=\"57037d08\" data-element_type=\"container\" data-e-type=\"container\" data-settings=\"{&quot;jet_parallax_layout_list&quot;:[]}\">\n\t\t\t\t<div class=\"elementor-element elementor-element-7b37d738 elementor-align-start elementor-widget__width-initial elementor-widget-tablet__width-initial elementor-icon-list--layout-traditional elementor-list-item-link-full_width elementor-widget elementor-widget-icon-list\" data-id=\"7b37d738\" data-element_type=\"widget\" data-e-type=\"widget\" data-widget_type=\"icon-list.default\">\n\t\t\t\t<div class=\"elementor-widget-container\">\n\t\t\t\t\t\t\t<ul class=\"elementor-icon-list-items\">\n\t\t\t\t\t\t\t<li class=\"elementor-icon-list-item\">\n\t\t\t\t\t\t\t\t\t\t\t<span class=\"elementor-icon-list-icon\">\n\t\t\t\t\t\t\t<i aria-hidden=\"true\" class=\"fas fa-check-circle\"><\/i>\t\t\t\t\t\t<\/span>\n\t\t\t\t\t\t\t\t\t\t<span class=\"elementor-icon-list-text\"><b>Siempre perspicaz en sus cifras:<\/b> Estados financieros claros y cuadros de mando en tiempo real<\/span>\n\t\t\t\t\t\t\t\t\t<\/li>\n\t\t\t\t\t\t\t\t<li class=\"elementor-icon-list-item\">\n\t\t\t\t\t\t\t\t\t\t\t<span class=\"elementor-icon-list-icon\">\n\t\t\t\t\t\t\t<i aria-hidden=\"true\" class=\"fas fa-check-circle\"><\/i>\t\t\t\t\t\t<\/span>\n\t\t\t\t\t\t\t\t\t\t<span class=\"elementor-icon-list-text\"><b>Contabilidad que piensa contigo: <\/b>Tratamiento y asesoramiento autom\u00e1ticos<\/span>\n\t\t\t\t\t\t\t\t\t<\/li>\n\t\t\t\t\t\t\t\t<li class=\"elementor-icon-list-item\">\n\t\t\t\t\t\t\t\t\t\t\t<span class=\"elementor-icon-list-icon\">\n\t\t\t\t\t\t\t<i aria-hidden=\"true\" class=\"fas fa-check-circle\"><\/i>\t\t\t\t\t\t<\/span>\n\t\t\t\t\t\t\t\t\t\t<span class=\"elementor-icon-list-text\"><b>\u00bfDesgravaci\u00f3n fiscal? Por supuesto: <\/b>Siempre al d\u00eda de la normativa.<\/span>\n\t\t\t\t\t\t\t\t\t<\/li>\n\t\t\t\t\t\t\t\t<li class=\"elementor-icon-list-item\">\n\t\t\t\t\t\t\t\t\t\t\t<span class=\"elementor-icon-list-icon\">\n\t\t\t\t\t\t\t<i aria-hidden=\"true\" class=\"fas fa-check-circle\"><\/i>\t\t\t\t\t\t<\/span>\n\t\t\t\t\t\t\t\t\t\t<span class=\"elementor-icon-list-text\"><b>\u00bfSalarios? Ni que decir tiene: <\/b>Correcto y puntual.<\/span>\n\t\t\t\t\t\t\t\t\t<\/li>\n\t\t\t\t\t\t\t\t<li class=\"elementor-icon-list-item\">\n\t\t\t\t\t\t\t\t\t\t\t<span class=\"elementor-icon-list-icon\">\n\t\t\t\t\t\t\t<i aria-hidden=\"true\" class=\"fas fa-check-circle\"><\/i>\t\t\t\t\t\t<\/span>\n\t\t\t\t\t\t\t\t\t\t<span class=\"elementor-icon-list-text\"><b>Traducir los planes de futuro en cifras: <\/b>Apoyo estrat\u00e9gico.<\/span>\n\t\t\t\t\t\t\t\t\t<\/li>\n\t\t\t\t\t\t<\/ul>\n\t\t\t\t\t\t<\/div>\n\t\t\t\t<\/div>\n\t\t\t\t<\/div>\n\t\t\t\t<\/div>\n\t\t<div class=\"elementor-element elementor-element-6a6dca3 e-con-full e-flex e-con e-child\" data-id=\"6a6dca3\" data-element_type=\"container\" data-e-type=\"container\" data-settings=\"{&quot;jet_parallax_layout_list&quot;:[]}\">\n\t\t<div class=\"elementor-element elementor-element-41f4962 e-con-full e-flex e-con e-child\" data-id=\"41f4962\" data-element_type=\"container\" data-e-type=\"container\" data-settings=\"{&quot;jet_parallax_layout_list&quot;:[]}\">\n\t\t\t\t<div class=\"elementor-element elementor-element-3d0a899 elementor-widget elementor-widget-image\" data-id=\"3d0a899\" data-element_type=\"widget\" data-e-type=\"widget\" data-widget_type=\"image.default\">\n\t\t\t\t<div class=\"elementor-widget-container\">\n\t\t\t\t\t\t\t\t\t\t\t\t\t\t\t<img fetchpriority=\"high\" decoding=\"async\" width=\"1000\" height=\"667\" src=\"https:\/\/mcadviseurs.nl\/wp-content\/uploads\/2024\/06\/shutterstock_2418465269.jpeg\" class=\"attachment-full size-full wp-image-361\" alt=\"\" srcset=\"https:\/\/mcadviseurs.nl\/wp-content\/uploads\/2024\/06\/shutterstock_2418465269.jpeg 1000w, https:\/\/mcadviseurs.nl\/wp-content\/uploads\/2024\/06\/shutterstock_2418465269-300x200.jpeg 300w, https:\/\/mcadviseurs.nl\/wp-content\/uploads\/2024\/06\/shutterstock_2418465269-768x512.jpeg 768w\" sizes=\"(max-width: 1000px) 100vw, 1000px\" title=\"\">\t\t\t\t\t\t\t\t\t\t\t\t\t\t\t<\/div>\n\t\t\t\t<\/div>\n\t\t\t\t<div class=\"elementor-element elementor-element-b2d4c59 elementor-widget__width-initial elementor-absolute elementor-widget elementor-widget-spacer\" data-id=\"b2d4c59\" data-element_type=\"widget\" data-e-type=\"widget\" data-settings=\"{&quot;_position&quot;:&quot;absolute&quot;}\" data-widget_type=\"spacer.default\">\n\t\t\t\t<div class=\"elementor-widget-container\">\n\t\t\t\t\t\t\t<div class=\"elementor-spacer\">\n\t\t\t<div class=\"elementor-spacer-inner\"><\/div>\n\t\t<\/div>\n\t\t\t\t\t\t<\/div>\n\t\t\t\t<\/div>\n\t\t\t\t<\/div>\n\t\t\t\t<\/div>\n\t\t\t\t\t<\/div>\n\t\t\t\t<\/div>\n\t\t<div class=\"elementor-element elementor-element-476a72fd e-flex e-con-boxed e-con e-parent\" data-id=\"476a72fd\" data-element_type=\"container\" data-e-type=\"container\" data-settings=\"{&quot;background_background&quot;:&quot;classic&quot;,&quot;jet_parallax_layout_list&quot;:[]}\">\n\t\t\t\t\t<div class=\"e-con-inner\">\n\t\t<div class=\"elementor-element elementor-element-67e5f64d e-con-full e-flex e-con e-child\" data-id=\"67e5f64d\" data-element_type=\"container\" data-e-type=\"container\" data-settings=\"{&quot;jet_parallax_layout_list&quot;:[]}\">\n\t\t\t\t<div class=\"elementor-element elementor-element-620cfe48 elementor-widget elementor-widget-heading\" data-id=\"620cfe48\" data-element_type=\"widget\" data-e-type=\"widget\" data-widget_type=\"heading.default\">\n\t\t\t\t<div class=\"elementor-widget-container\">\n\t\t\t\t\t<h2 class=\"elementor-heading-title elementor-size-default\">En M.C. Advisors, su \u00e9xito es la clave. D\u00e9janos hacer el trabajo financiero para que puedas destacar en tu profesi\u00f3n.<\/h2>\t\t\t\t<\/div>\n\t\t\t\t<\/div>\n\t\t\t\t<\/div>\n\t\t\t\t\t<\/div>\n\t\t\t\t<\/div>\n\t\t\t\t<\/div>","protected":false},"excerpt":{"rendered":"<p>Innovatieve accountancy Grip op je cijfers zonder gedoe Als ondernemer wil je weten waar je financieel staat \u2013 zonder dat je zelf de boekhoudnerd hoeft te zijn. Bij M.C. Adviseurs zorgen we dat jouw administratie staat als een huis. Slim ingericht, volledig online, en altijd up-to-date. Geen standaard accountancy, maar praktische oplossingen waarmee jij vooruit [&hellip;]<\/p>\n","protected":false},"author":1,"featured_media":0,"parent":0,"menu_order":0,"comment_status":"closed","ping_status":"closed","template":"elementor_header_footer","meta":{"footnotes":""},"class_list":["post-273","page","type-page","status-publish","hentry"],"_links":{"self":[{"href":"https:\/\/mcadviseurs.nl\/es\/wp-json\/wp\/v2\/pages\/273","targetHints":{"allow":["GET"]}}],"collection":[{"href":"https:\/\/mcadviseurs.nl\/es\/wp-json\/wp\/v2\/pages"}],"about":[{"href":"https:\/\/mcadviseurs.nl\/es\/wp-json\/wp\/v2\/types\/page"}],"author":[{"embeddable":true,"href":"https:\/\/mcadviseurs.nl\/es\/wp-json\/wp\/v2\/users\/1"}],"replies":[{"embeddable":true,"href":"https:\/\/mcadviseurs.nl\/es\/wp-json\/wp\/v2\/comments?post=273"}],"version-history":[{"count":49,"href":"https:\/\/mcadviseurs.nl\/es\/wp-json\/wp\/v2\/pages\/273\/revisions"}],"predecessor-version":[{"id":910,"href":"https:\/\/mcadviseurs.nl\/es\/wp-json\/wp\/v2\/pages\/273\/revisions\/910"}],"wp:attachment":[{"href":"https:\/\/mcadviseurs.nl\/es\/wp-json\/wp\/v2\/media?parent=273"}],"curies":[{"name":"wp","href":"https:\/\/api.w.org\/{rel}","templated":true}]}}