{"id":464,"date":"2024-06-18T20:05:30","date_gmt":"2024-06-18T18:05:30","guid":{"rendered":"https:\/\/mc.043test.nl\/?page_id=464"},"modified":"2024-06-20T16:11:41","modified_gmt":"2024-06-20T14:11:41","slug":"moneybird","status":"publish","type":"page","link":"https:\/\/mcadviseurs.nl\/es\/moneybird\/","title":{"rendered":"Moneybird"},"content":{"rendered":"<div data-elementor-type=\"wp-page\" data-elementor-id=\"464\" class=\"elementor elementor-464\" data-elementor-post-type=\"page\">\n\t\t\t\t<div class=\"elementor-element elementor-element-60185698 e-flex e-con-boxed e-con e-parent\" data-id=\"60185698\" data-element_type=\"container\" data-e-type=\"container\" data-settings=\"{&quot;background_background&quot;:&quot;classic&quot;,&quot;jet_parallax_layout_list&quot;:[]}\">\n\t\t\t\t\t<div class=\"e-con-inner\">\n\t\t\t\t\t<\/div>\n\t\t\t\t<\/div>\n\t\t<div class=\"elementor-element elementor-element-65d5c73a e-flex e-con-boxed e-con e-parent\" data-id=\"65d5c73a\" data-element_type=\"container\" data-e-type=\"container\" data-settings=\"{&quot;jet_parallax_layout_list&quot;:[]}\">\n\t\t\t\t\t<div class=\"e-con-inner\">\n\t\t<div class=\"elementor-element elementor-element-398bf773 e-con-full e-flex e-con e-child\" data-id=\"398bf773\" data-element_type=\"container\" data-e-type=\"container\" data-settings=\"{&quot;jet_parallax_layout_list&quot;:[]}\">\n\t\t\t\t<div class=\"elementor-element elementor-element-1c083c50 elementor-widget elementor-widget-heading\" data-id=\"1c083c50\" data-element_type=\"widget\" data-e-type=\"widget\" data-widget_type=\"heading.default\">\n\t\t\t\t<div class=\"elementor-widget-container\">\n\t\t\t\t\t<h2 class=\"elementor-heading-title elementor-size-default\">Moneybird<\/h2>\t\t\t\t<\/div>\n\t\t\t\t<\/div>\n\t\t\t\t<div class=\"elementor-element elementor-element-7e70959e elementor-widget elementor-widget-text-editor\" data-id=\"7e70959e\" data-element_type=\"widget\" data-e-type=\"widget\" data-widget_type=\"text-editor.default\">\n\t\t\t\t<div class=\"elementor-widget-container\">\n\t\t\t\t\t\t\t\t\t<p>En M.C. Advisors, estamos orgullosos de nuestra asociaci\u00f3n con <a href=\"https:\/\/www.moneybird.nl\" target=\"_blank\" rel=\"noopener\">Moneybird<\/a>Moneybird, el software de contabilidad en l\u00ednea perfecto para empresarios individuales y clientes de VOF. Con Moneybird, usted mismo puede gestionar f\u00e1cilmente todas sus tareas contables, desde la facturaci\u00f3n hasta las conciliaciones bancarias y las declaraciones del IVA. Este software f\u00e1cil de usar le permite conocer su situaci\u00f3n financiera en cualquier momento y lugar, lo que le permite centrarse plenamente en la gesti\u00f3n de su negocio.<\/p><p>Somos expertos certificados en Moneybird desde hace m\u00e1s de dos a\u00f1os, lo que significa que podemos ofrecerle un apoyo \u00f3ptimo en el uso de este software. Tanto si acaba de empezar a utilizar Moneybird como si ya es un usuario experimentado, estamos preparados para ayudarle con consejos, sugerencias y asistencia pr\u00e1ctica.<\/p><p>Elija Moneybird y experimente la comodidad de un sistema de contabilidad completo y claro, respaldado por la experiencia de M.C. Advisors. Juntos nos aseguraremos de que su administraci\u00f3n funcione a la perfecci\u00f3n.<\/p>\t\t\t\t\t\t\t\t<\/div>\n\t\t\t\t<\/div>\n\t\t\t\t<\/div>\n\t\t<div class=\"elementor-element elementor-element-6a6dca3 e-con-full e-flex e-con e-child\" data-id=\"6a6dca3\" data-element_type=\"container\" data-e-type=\"container\" data-settings=\"{&quot;jet_parallax_layout_list&quot;:[]}\">\n\t\t\t\t<div class=\"elementor-element elementor-element-3d0a899 elementor-widget elementor-widget-image\" data-id=\"3d0a899\" data-element_type=\"widget\" data-e-type=\"widget\" data-widget_type=\"image.default\">\n\t\t\t\t<div class=\"elementor-widget-container\">\n\t\t\t\t\t\t\t\t\t\t\t\t\t\t\t<img fetchpriority=\"high\" decoding=\"async\" width=\"2146\" height=\"1571\" src=\"https:\/\/mcadviseurs.nl\/wp-content\/uploads\/2024\/06\/moneyb.jpg\" class=\"attachment-full size-full wp-image-475\" alt=\"\" srcset=\"https:\/\/mcadviseurs.nl\/wp-content\/uploads\/2024\/06\/moneyb.jpg 2146w, https:\/\/mcadviseurs.nl\/wp-content\/uploads\/2024\/06\/moneyb-300x220.jpg 300w, https:\/\/mcadviseurs.nl\/wp-content\/uploads\/2024\/06\/moneyb-1024x750.jpg 1024w, https:\/\/mcadviseurs.nl\/wp-content\/uploads\/2024\/06\/moneyb-768x562.jpg 768w, https:\/\/mcadviseurs.nl\/wp-content\/uploads\/2024\/06\/moneyb-1536x1124.jpg 1536w, https:\/\/mcadviseurs.nl\/wp-content\/uploads\/2024\/06\/moneyb-2048x1499.jpg 2048w\" sizes=\"(max-width: 2146px) 100vw, 2146px\" title=\"\">\t\t\t\t\t\t\t\t\t\t\t\t\t\t\t<\/div>\n\t\t\t\t<\/div>\n\t\t\t\t<\/div>\n\t\t\t\t\t<\/div>\n\t\t\t\t<\/div>\n\t\t<div class=\"elementor-element elementor-element-476a72fd e-flex e-con-boxed e-con e-parent\" data-id=\"476a72fd\" data-element_type=\"container\" data-e-type=\"container\" data-settings=\"{&quot;background_background&quot;:&quot;classic&quot;,&quot;jet_parallax_layout_list&quot;:[]}\">\n\t\t\t\t\t<div class=\"e-con-inner\">\n\t\t<div class=\"elementor-element elementor-element-67e5f64d e-con-full e-flex e-con e-child\" data-id=\"67e5f64d\" data-element_type=\"container\" data-e-type=\"container\" data-settings=\"{&quot;jet_parallax_layout_list&quot;:[]}\">\n\t\t\t\t<div class=\"elementor-element elementor-element-620cfe48 elementor-widget elementor-widget-heading\" data-id=\"620cfe48\" data-element_type=\"widget\" data-e-type=\"widget\" data-widget_type=\"heading.default\">\n\t\t\t\t<div class=\"elementor-widget-container\">\n\t\t\t\t\t<h2 class=\"elementor-heading-title elementor-size-default\">En M.C. Advisors, su \u00e9xito es la clave. D\u00e9janos hacer el trabajo financiero para que puedas destacar en tu profesi\u00f3n.<\/h2>\t\t\t\t<\/div>\n\t\t\t\t<\/div>\n\t\t\t\t<\/div>\n\t\t\t\t\t<\/div>\n\t\t\t\t<\/div>\n\t\t\t\t<\/div>","protected":false},"excerpt":{"rendered":"<p>Moneybird Bij M.C. Adviseurs zijn we trots op onze samenwerking met Moneybird, de perfecte online boekhoudsoftware voor eenmanszaken en VOF-klanten. Met Moneybird kun je eenvoudig al je boekhoudtaken zelf uitvoeren, van facturatie tot bankkoppelingen en BTW-aangiften. Deze gebruiksvriendelijke software biedt je de mogelijkheid om overal en altijd inzicht te hebben in je financi\u00eble situatie, waardoor [&hellip;]<\/p>\n","protected":false},"author":1,"featured_media":0,"parent":0,"menu_order":0,"comment_status":"closed","ping_status":"closed","template":"elementor_header_footer","meta":{"footnotes":""},"class_list":["post-464","page","type-page","status-publish","hentry"],"_links":{"self":[{"href":"https:\/\/mcadviseurs.nl\/es\/wp-json\/wp\/v2\/pages\/464","targetHints":{"allow":["GET"]}}],"collection":[{"href":"https:\/\/mcadviseurs.nl\/es\/wp-json\/wp\/v2\/pages"}],"about":[{"href":"https:\/\/mcadviseurs.nl\/es\/wp-json\/wp\/v2\/types\/page"}],"author":[{"embeddable":true,"href":"https:\/\/mcadviseurs.nl\/es\/wp-json\/wp\/v2\/users\/1"}],"replies":[{"embeddable":true,"href":"https:\/\/mcadviseurs.nl\/es\/wp-json\/wp\/v2\/comments?post=464"}],"version-history":[{"count":14,"href":"https:\/\/mcadviseurs.nl\/es\/wp-json\/wp\/v2\/pages\/464\/revisions"}],"predecessor-version":[{"id":645,"href":"https:\/\/mcadviseurs.nl\/es\/wp-json\/wp\/v2\/pages\/464\/revisions\/645"}],"wp:attachment":[{"href":"https:\/\/mcadviseurs.nl\/es\/wp-json\/wp\/v2\/media?parent=464"}],"curies":[{"name":"wp","href":"https:\/\/api.w.org\/{rel}","templated":true}]}}