{"id":482,"date":"2024-06-18T20:17:15","date_gmt":"2024-06-18T18:17:15","guid":{"rendered":"https:\/\/mc.043test.nl\/?page_id=482"},"modified":"2024-07-17T12:28:13","modified_gmt":"2024-07-17T10:28:13","slug":"nmbrs","status":"publish","type":"page","link":"https:\/\/mcadviseurs.nl\/es\/nmbrs\/","title":{"rendered":"Nmbrs"},"content":{"rendered":"<div data-elementor-type=\"wp-page\" data-elementor-id=\"482\" class=\"elementor elementor-482\" data-elementor-post-type=\"page\">\n\t\t\t\t<div class=\"elementor-element elementor-element-60185698 e-flex e-con-boxed e-con e-parent\" data-id=\"60185698\" data-element_type=\"container\" data-e-type=\"container\" data-settings=\"{&quot;background_background&quot;:&quot;classic&quot;,&quot;jet_parallax_layout_list&quot;:[]}\">\n\t\t\t\t\t<div class=\"e-con-inner\">\n\t\t\t\t\t<\/div>\n\t\t\t\t<\/div>\n\t\t<div class=\"elementor-element elementor-element-65d5c73a e-flex e-con-boxed e-con e-parent\" data-id=\"65d5c73a\" data-element_type=\"container\" data-e-type=\"container\" data-settings=\"{&quot;jet_parallax_layout_list&quot;:[]}\">\n\t\t\t\t\t<div class=\"e-con-inner\">\n\t\t<div class=\"elementor-element elementor-element-398bf773 e-con-full e-flex e-con e-child\" data-id=\"398bf773\" data-element_type=\"container\" data-e-type=\"container\" data-settings=\"{&quot;jet_parallax_layout_list&quot;:[]}\">\n\t\t\t\t<div class=\"elementor-element elementor-element-1c083c50 elementor-widget elementor-widget-heading\" data-id=\"1c083c50\" data-element_type=\"widget\" data-e-type=\"widget\" data-widget_type=\"heading.default\">\n\t\t\t\t<div class=\"elementor-widget-container\">\n\t\t\t\t\t<h2 class=\"elementor-heading-title elementor-size-default\">Nmbrs<\/h2>\t\t\t\t<\/div>\n\t\t\t\t<\/div>\n\t\t\t\t<div class=\"elementor-element elementor-element-7e70959e elementor-widget elementor-widget-text-editor\" data-id=\"7e70959e\" data-element_type=\"widget\" data-e-type=\"widget\" data-widget_type=\"text-editor.default\">\n\t\t\t\t<div class=\"elementor-widget-container\">\n\t\t\t\t\t\t\t\t\t<p>En M.C. Advisors, utilizamos el avanzado software de <a href=\"https:\/\/www.nmbrs.nl\" target=\"_blank\" rel=\"noopener\">Nmbrs<\/a> para nuestra administraci\u00f3n de n\u00f3minas. Nmbrs ofrece una soluci\u00f3n fiable y f\u00e1cil de usar que nos permite gestionar sus n\u00f3minas de forma eficaz y precisa. Con Nmbrs, siempre tendr\u00e1 una visi\u00f3n en tiempo real de los datos de n\u00f3mina de sus empleados, y podemos garantizar un procesamiento impecable de las n\u00f3minas y las declaraciones de impuestos.<\/p>\t\t\t\t\t\t\t\t<\/div>\n\t\t\t\t<\/div>\n\t\t\t\t<\/div>\n\t\t<div class=\"elementor-element elementor-element-6a6dca3 e-con-full e-flex e-con e-child\" data-id=\"6a6dca3\" data-element_type=\"container\" data-e-type=\"container\" data-settings=\"{&quot;jet_parallax_layout_list&quot;:[]}\">\n\t\t\t\t<div class=\"elementor-element elementor-element-3d0a899 elementor-widget elementor-widget-image\" data-id=\"3d0a899\" data-element_type=\"widget\" data-e-type=\"widget\" data-widget_type=\"image.default\">\n\t\t\t\t<div class=\"elementor-widget-container\">\n\t\t\t\t\t\t\t\t\t\t\t\t\t\t\t<img fetchpriority=\"high\" decoding=\"async\" width=\"1000\" height=\"666\" src=\"https:\/\/mcadviseurs.nl\/wp-content\/uploads\/2024\/06\/shutterstock_2450987415.jpg\" class=\"attachment-full size-full wp-image-510\" alt=\"\" srcset=\"https:\/\/mcadviseurs.nl\/wp-content\/uploads\/2024\/06\/shutterstock_2450987415.jpg 1000w, https:\/\/mcadviseurs.nl\/wp-content\/uploads\/2024\/06\/shutterstock_2450987415-300x200.jpg 300w, https:\/\/mcadviseurs.nl\/wp-content\/uploads\/2024\/06\/shutterstock_2450987415-768x511.jpg 768w\" sizes=\"(max-width: 1000px) 100vw, 1000px\" title=\"\">\t\t\t\t\t\t\t\t\t\t\t\t\t\t\t<\/div>\n\t\t\t\t<\/div>\n\t\t\t\t<\/div>\n\t\t\t\t\t<\/div>\n\t\t\t\t<\/div>\n\t\t<div class=\"elementor-element elementor-element-476a72fd e-flex e-con-boxed e-con e-parent\" data-id=\"476a72fd\" data-element_type=\"container\" data-e-type=\"container\" data-settings=\"{&quot;background_background&quot;:&quot;classic&quot;,&quot;jet_parallax_layout_list&quot;:[]}\">\n\t\t\t\t\t<div class=\"e-con-inner\">\n\t\t<div class=\"elementor-element elementor-element-67e5f64d e-con-full e-flex e-con e-child\" data-id=\"67e5f64d\" data-element_type=\"container\" data-e-type=\"container\" data-settings=\"{&quot;jet_parallax_layout_list&quot;:[]}\">\n\t\t\t\t<div class=\"elementor-element elementor-element-620cfe48 elementor-widget elementor-widget-heading\" data-id=\"620cfe48\" data-element_type=\"widget\" data-e-type=\"widget\" data-widget_type=\"heading.default\">\n\t\t\t\t<div class=\"elementor-widget-container\">\n\t\t\t\t\t<h2 class=\"elementor-heading-title elementor-size-default\">En M.C. Advisors, su \u00e9xito es la clave. D\u00e9janos hacer el trabajo financiero para que puedas destacar en tu profesi\u00f3n.<\/h2>\t\t\t\t<\/div>\n\t\t\t\t<\/div>\n\t\t\t\t<\/div>\n\t\t\t\t\t<\/div>\n\t\t\t\t<\/div>\n\t\t\t\t<\/div>","protected":false},"excerpt":{"rendered":"<p>Nmbrs Bij M.C. Adviseurs maken we gebruik van de geavanceerde software van Nmbrs voor onze salarisadministratie. Nmbrs biedt een betrouwbare en gebruiksvriendelijke oplossing die ons in staat stelt om jouw loonadministratie effici\u00ebnt en nauwkeurig te beheren. Met Nmbrs heb je altijd realtime inzicht in de salarisgegevens van je medewerkers, en kunnen wij zorgen voor een [&hellip;]<\/p>\n","protected":false},"author":1,"featured_media":0,"parent":0,"menu_order":0,"comment_status":"closed","ping_status":"closed","template":"elementor_header_footer","meta":{"footnotes":""},"class_list":["post-482","page","type-page","status-publish","hentry"],"_links":{"self":[{"href":"https:\/\/mcadviseurs.nl\/es\/wp-json\/wp\/v2\/pages\/482","targetHints":{"allow":["GET"]}}],"collection":[{"href":"https:\/\/mcadviseurs.nl\/es\/wp-json\/wp\/v2\/pages"}],"about":[{"href":"https:\/\/mcadviseurs.nl\/es\/wp-json\/wp\/v2\/types\/page"}],"author":[{"embeddable":true,"href":"https:\/\/mcadviseurs.nl\/es\/wp-json\/wp\/v2\/users\/1"}],"replies":[{"embeddable":true,"href":"https:\/\/mcadviseurs.nl\/es\/wp-json\/wp\/v2\/comments?post=482"}],"version-history":[{"count":11,"href":"https:\/\/mcadviseurs.nl\/es\/wp-json\/wp\/v2\/pages\/482\/revisions"}],"predecessor-version":[{"id":660,"href":"https:\/\/mcadviseurs.nl\/es\/wp-json\/wp\/v2\/pages\/482\/revisions\/660"}],"wp:attachment":[{"href":"https:\/\/mcadviseurs.nl\/es\/wp-json\/wp\/v2\/media?parent=482"}],"curies":[{"name":"wp","href":"https:\/\/api.w.org\/{rel}","templated":true}]}}