{"id":496,"date":"2024-06-18T20:22:18","date_gmt":"2024-06-18T18:22:18","guid":{"rendered":"https:\/\/mc.043test.nl\/?page_id=496"},"modified":"2024-06-20T16:12:09","modified_gmt":"2024-06-20T14:12:09","slug":"exact-online","status":"publish","type":"page","link":"https:\/\/mcadviseurs.nl\/es\/exact-online\/","title":{"rendered":"Exact Online"},"content":{"rendered":"<div data-elementor-type=\"wp-page\" data-elementor-id=\"496\" class=\"elementor elementor-496\" data-elementor-post-type=\"page\">\n\t\t\t\t<div class=\"elementor-element elementor-element-60185698 e-flex e-con-boxed e-con e-parent\" data-id=\"60185698\" data-element_type=\"container\" data-e-type=\"container\" data-settings=\"{&quot;background_background&quot;:&quot;classic&quot;,&quot;jet_parallax_layout_list&quot;:[]}\">\n\t\t\t\t\t<div class=\"e-con-inner\">\n\t\t\t\t\t<\/div>\n\t\t\t\t<\/div>\n\t\t<div class=\"elementor-element elementor-element-65d5c73a e-flex e-con-boxed e-con e-parent\" data-id=\"65d5c73a\" data-element_type=\"container\" data-e-type=\"container\" data-settings=\"{&quot;jet_parallax_layout_list&quot;:[]}\">\n\t\t\t\t\t<div class=\"e-con-inner\">\n\t\t<div class=\"elementor-element elementor-element-398bf773 e-con-full e-flex e-con e-child\" data-id=\"398bf773\" data-element_type=\"container\" data-e-type=\"container\" data-settings=\"{&quot;jet_parallax_layout_list&quot;:[]}\">\n\t\t\t\t<div class=\"elementor-element elementor-element-1c083c50 elementor-widget elementor-widget-heading\" data-id=\"1c083c50\" data-element_type=\"widget\" data-e-type=\"widget\" data-widget_type=\"heading.default\">\n\t\t\t\t<div class=\"elementor-widget-container\">\n\t\t\t\t\t<h2 class=\"elementor-heading-title elementor-size-default\">Exact Online<\/h2>\t\t\t\t<\/div>\n\t\t\t\t<\/div>\n\t\t\t\t<div class=\"elementor-element elementor-element-7e70959e elementor-widget elementor-widget-text-editor\" data-id=\"7e70959e\" data-element_type=\"widget\" data-e-type=\"widget\" data-widget_type=\"text-editor.default\">\n\t\t\t\t<div class=\"elementor-widget-container\">\n\t\t\t\t\t\t\t\t\t<p>En M.C. Advisors, utilizamos el vers\u00e1til software de <a href=\"https:\/\/www.exact.com\/nl\" target=\"_blank\" rel=\"noopener\">Exact Online<\/a> para nuestros procesos financieros y administrativos. Exact Online ofrece una soluci\u00f3n completa de contabilidad, n\u00f3minas y gesti\u00f3n de clientes, que nos permite gestionar su administraci\u00f3n financiera de forma eficiente y precisa. Con Exact Online, tendr\u00e1s una visi\u00f3n en tiempo real de tus cifras y podremos proporcionarte informes y an\u00e1lisis detallados.<\/p>\t\t\t\t\t\t\t\t<\/div>\n\t\t\t\t<\/div>\n\t\t\t\t<\/div>\n\t\t<div class=\"elementor-element elementor-element-6a6dca3 e-con-full e-flex e-con e-child\" data-id=\"6a6dca3\" data-element_type=\"container\" data-e-type=\"container\" data-settings=\"{&quot;jet_parallax_layout_list&quot;:[]}\">\n\t\t\t\t<div class=\"elementor-element elementor-element-3d0a899 elementor-widget elementor-widget-image\" data-id=\"3d0a899\" data-element_type=\"widget\" data-e-type=\"widget\" data-widget_type=\"image.default\">\n\t\t\t\t<div class=\"elementor-widget-container\">\n\t\t\t\t\t\t\t\t\t\t\t\t\t\t\t<img fetchpriority=\"high\" decoding=\"async\" width=\"1000\" height=\"576\" src=\"https:\/\/mcadviseurs.nl\/wp-content\/uploads\/2024\/06\/shutterstock_2095266985.jpg\" class=\"attachment-full size-full wp-image-498\" alt=\"\" srcset=\"https:\/\/mcadviseurs.nl\/wp-content\/uploads\/2024\/06\/shutterstock_2095266985.jpg 1000w, https:\/\/mcadviseurs.nl\/wp-content\/uploads\/2024\/06\/shutterstock_2095266985-300x173.jpg 300w, https:\/\/mcadviseurs.nl\/wp-content\/uploads\/2024\/06\/shutterstock_2095266985-768x442.jpg 768w\" sizes=\"(max-width: 1000px) 100vw, 1000px\" title=\"\">\t\t\t\t\t\t\t\t\t\t\t\t\t\t\t<\/div>\n\t\t\t\t<\/div>\n\t\t\t\t<\/div>\n\t\t\t\t\t<\/div>\n\t\t\t\t<\/div>\n\t\t<div class=\"elementor-element elementor-element-476a72fd e-flex e-con-boxed e-con e-parent\" data-id=\"476a72fd\" data-element_type=\"container\" data-e-type=\"container\" data-settings=\"{&quot;background_background&quot;:&quot;classic&quot;,&quot;jet_parallax_layout_list&quot;:[]}\">\n\t\t\t\t\t<div class=\"e-con-inner\">\n\t\t<div class=\"elementor-element elementor-element-67e5f64d e-con-full e-flex e-con e-child\" data-id=\"67e5f64d\" data-element_type=\"container\" data-e-type=\"container\" data-settings=\"{&quot;jet_parallax_layout_list&quot;:[]}\">\n\t\t\t\t<div class=\"elementor-element elementor-element-620cfe48 elementor-widget elementor-widget-heading\" data-id=\"620cfe48\" data-element_type=\"widget\" data-e-type=\"widget\" data-widget_type=\"heading.default\">\n\t\t\t\t<div class=\"elementor-widget-container\">\n\t\t\t\t\t<h2 class=\"elementor-heading-title elementor-size-default\">En M.C. Advisors, su \u00e9xito es la clave. D\u00e9janos hacer el trabajo financiero para que puedas destacar en tu profesi\u00f3n.<\/h2>\t\t\t\t<\/div>\n\t\t\t\t<\/div>\n\t\t\t\t<\/div>\n\t\t\t\t\t<\/div>\n\t\t\t\t<\/div>\n\t\t\t\t<\/div>","protected":false},"excerpt":{"rendered":"<p>Exact Online Bij M.C. Adviseurs maken we gebruik van de veelzijdige software van Exact Online voor onze financi\u00eble en administratieve processen. Exact Online biedt een complete oplossing voor boekhouding, salarisadministratie en klantbeheer, waardoor wij jouw financi\u00eble administratie effici\u00ebnt en nauwkeurig kunnen beheren. Met Exact Online heb je realtime inzicht in je cijfers en kunnen wij [&hellip;]<\/p>\n","protected":false},"author":1,"featured_media":0,"parent":0,"menu_order":0,"comment_status":"closed","ping_status":"closed","template":"elementor_header_footer","meta":{"footnotes":""},"class_list":["post-496","page","type-page","status-publish","hentry"],"_links":{"self":[{"href":"https:\/\/mcadviseurs.nl\/es\/wp-json\/wp\/v2\/pages\/496","targetHints":{"allow":["GET"]}}],"collection":[{"href":"https:\/\/mcadviseurs.nl\/es\/wp-json\/wp\/v2\/pages"}],"about":[{"href":"https:\/\/mcadviseurs.nl\/es\/wp-json\/wp\/v2\/types\/page"}],"author":[{"embeddable":true,"href":"https:\/\/mcadviseurs.nl\/es\/wp-json\/wp\/v2\/users\/1"}],"replies":[{"embeddable":true,"href":"https:\/\/mcadviseurs.nl\/es\/wp-json\/wp\/v2\/comments?post=496"}],"version-history":[{"count":7,"href":"https:\/\/mcadviseurs.nl\/es\/wp-json\/wp\/v2\/pages\/496\/revisions"}],"predecessor-version":[{"id":648,"href":"https:\/\/mcadviseurs.nl\/es\/wp-json\/wp\/v2\/pages\/496\/revisions\/648"}],"wp:attachment":[{"href":"https:\/\/mcadviseurs.nl\/es\/wp-json\/wp\/v2\/media?parent=496"}],"curies":[{"name":"wp","href":"https:\/\/api.w.org\/{rel}","templated":true}]}}